{"id":1521,"date":"2025-02-07T20:15:20","date_gmt":"2025-02-07T20:15:20","guid":{"rendered":"https:\/\/globalfertilitycounselling.ca\/?page_id=1521"},"modified":"2025-03-03T23:54:02","modified_gmt":"2025-03-03T23:54:02","slug":"como-funciona-el-servicio","status":"publish","type":"page","link":"https:\/\/globalfertilitycounselling.ca\/en\/como-funciona-el-servicio\/","title":{"rendered":"How does the service work?"},"content":{"rendered":"<div data-elementor-type=\"wp-page\" data-elementor-id=\"1521\" class=\"elementor elementor-1521\" data-elementor-post-type=\"page\">\n\t\t\t\t\t\t<section class=\"elementor-section elementor-top-section elementor-element elementor-element-ddf1f26 elementor-section-height-min-height elementor-section-full_width elementor-section-height-default elementor-section-items-middle wpr-particle-no wpr-jarallax-no wpr-parallax-no wpr-sticky-section-no\" data-id=\"ddf1f26\" data-element_type=\"section\" data-settings=\"{&quot;background_background&quot;:&quot;classic&quot;}\">\n\t\t\t\t\t\t\t<div class=\"elementor-background-overlay\"><\/div>\n\t\t\t\t\t\t\t<div class=\"elementor-container elementor-column-gap-default\">\n\t\t\t\t\t<div class=\"elementor-column elementor-col-100 elementor-top-column elementor-element elementor-element-7496053\" data-id=\"7496053\" data-element_type=\"column\">\n\t\t\t<div class=\"elementor-widget-wrap elementor-element-populated\">\n\t\t\t\t\t\t\t<\/div>\n\t\t<\/div>\n\t\t\t\t\t<\/div>\n\t\t<\/section>\n\t\t\t\t<section class=\"elementor-section elementor-top-section elementor-element elementor-element-02c0cdf elementor-section-full_width elementor-section-height-default elementor-section-height-default wpr-particle-no wpr-jarallax-no wpr-parallax-no wpr-sticky-section-no\" data-id=\"02c0cdf\" data-element_type=\"section\" data-settings=\"{&quot;background_background&quot;:&quot;classic&quot;}\">\n\t\t\t\t\t\t<div class=\"elementor-container elementor-column-gap-default\">\n\t\t\t\t\t<div class=\"elementor-column elementor-col-100 elementor-top-column elementor-element elementor-element-926fa6e\" data-id=\"926fa6e\" data-element_type=\"column\">\n\t\t\t<div class=\"elementor-widget-wrap elementor-element-populated\">\n\t\t\t\t\t\t<div class=\"elementor-element elementor-element-8ddbaf0 elementor-invisible elementor-widget elementor-widget-text-editor\" data-id=\"8ddbaf0\" data-element_type=\"widget\" data-settings=\"{&quot;_animation&quot;:&quot;fadeIn&quot;,&quot;_animation_delay&quot;:100}\" data-widget_type=\"text-editor.default\">\n\t\t\t\t<div class=\"elementor-widget-container\">\n\t\t\t\t\t\t\t\t\t<p>Con m\u00e1s de 25 a\u00f1os de experiencia en el \u00e1mbito de la fertilidad, en Global Fertility Counselling nos comprometemos a guiarte a lo largo de tu viaje hacia la maternidad y paternidad, ayud\u00e1ndote a tomar decisiones informadas y a optimizar tu tiempo y recursos. Nuestro objetivo es hacer que tu experiencia sea lo m\u00e1s fluida, eficiente y personalizada posible.<\/p>\t\t\t\t\t\t\t\t<\/div>\n\t\t\t\t<\/div>\n\t\t\t\t\t<\/div>\n\t\t<\/div>\n\t\t\t\t\t<\/div>\n\t\t<\/section>\n\t\t<div class=\"elementor-element elementor-element-498e0b3d e-con-full e-flex wpr-particle-no wpr-jarallax-no wpr-parallax-no wpr-sticky-section-no e-con e-parent\" data-id=\"498e0b3d\" data-element_type=\"container\" data-settings=\"{&quot;background_background&quot;:&quot;classic&quot;}\">\n\t\t<div class=\"elementor-element elementor-element-57b8d1d3 e-flex e-con-boxed wpr-particle-no wpr-jarallax-no wpr-parallax-no wpr-sticky-section-no elementor-invisible e-con e-child\" data-id=\"57b8d1d3\" data-element_type=\"container\" data-settings=\"{&quot;animation&quot;:&quot;slideInLeft&quot;}\">\n\t\t\t\t\t<div class=\"e-con-inner\">\n\t\t\t\t<div class=\"elementor-element elementor-element-4579e07d elementor-widget elementor-widget-heading\" data-id=\"4579e07d\" data-element_type=\"widget\" data-widget_type=\"heading.default\">\n\t\t\t\t<div class=\"elementor-widget-container\">\n\t\t\t\t\t<h2 class=\"elementor-heading-title elementor-size-default\">Fertility planning<\/h2>\t\t\t\t<\/div>\n\t\t\t\t<\/div>\n\t\t\t\t<div class=\"elementor-element elementor-element-dd1e533 elementor-invisible elementor-widget elementor-widget-text-editor\" data-id=\"dd1e533\" data-element_type=\"widget\" data-settings=\"{&quot;_animation&quot;:&quot;fadeIn&quot;,&quot;_animation_delay&quot;:100}\" data-widget_type=\"text-editor.default\">\n\t\t\t\t<div class=\"elementor-widget-container\">\n\t\t\t\t\t\t\t\t\t<p>El primer paso en tu camino hacia la concepci\u00f3n es entender claramente tus opciones. Lo hacemos a trav\u00e9s de una evaluaci\u00f3n detallada de tu historia m\u00e9dica, edad y presupuesto, para crear un plan que se ajuste a tus necesidades y objetivos.<\/p><p>Nos aseguramos de que comprendas todos los tratamientos disponibles y te ayudamos a elegir el adecuado. Te orientamos sobre las cl\u00ednicas de fertilidad que mejor se alinean con tus expectativas, ya sea en M\u00e9xico o en Espa\u00f1a, y te acompa\u00f1amos durante todo el proceso, desde la elecci\u00f3n de la cl\u00ednica hasta la ejecuci\u00f3n del procedimiento.<\/p>\t\t\t\t\t\t\t\t<\/div>\n\t\t\t\t<\/div>\n\t\t\t\t\t<\/div>\n\t\t\t\t<\/div>\n\t\t<div class=\"elementor-element elementor-element-76196717 e-flex e-con-boxed wpr-particle-no wpr-jarallax-no wpr-parallax-no wpr-sticky-section-no elementor-invisible e-con e-child\" data-id=\"76196717\" data-element_type=\"container\" data-settings=\"{&quot;animation&quot;:&quot;slideInRight&quot;}\">\n\t\t\t\t\t<div class=\"e-con-inner\">\n\t\t\t\t<div class=\"elementor-element elementor-element-6a407e39 elementor-widget elementor-widget-image\" data-id=\"6a407e39\" data-element_type=\"widget\" data-widget_type=\"image.default\">\n\t\t\t\t<div class=\"elementor-widget-container\">\n\t\t\t\t\t\t\t\t\t\t\t\t\t\t\t<img fetchpriority=\"high\" decoding=\"async\" width=\"2560\" height=\"1707\" src=\"https:\/\/globalfertilitycounselling.ca\/wp-content\/uploads\/2025\/02\/pregnant-woman-with-calendar-sitting-table-1-scaled.jpg\" class=\"attachment-full size-full wp-image-1805\" alt=\"\" srcset=\"https:\/\/globalfertilitycounselling.ca\/wp-content\/uploads\/2025\/02\/pregnant-woman-with-calendar-sitting-table-1-scaled.jpg 2560w, https:\/\/globalfertilitycounselling.ca\/wp-content\/uploads\/2025\/02\/pregnant-woman-with-calendar-sitting-table-1-300x200.jpg 300w, https:\/\/globalfertilitycounselling.ca\/wp-content\/uploads\/2025\/02\/pregnant-woman-with-calendar-sitting-table-1-1024x683.jpg 1024w, https:\/\/globalfertilitycounselling.ca\/wp-content\/uploads\/2025\/02\/pregnant-woman-with-calendar-sitting-table-1-768x512.jpg 768w, https:\/\/globalfertilitycounselling.ca\/wp-content\/uploads\/2025\/02\/pregnant-woman-with-calendar-sitting-table-1-1536x1024.jpg 1536w, https:\/\/globalfertilitycounselling.ca\/wp-content\/uploads\/2025\/02\/pregnant-woman-with-calendar-sitting-table-1-2048x1365.jpg 2048w\" sizes=\"(max-width: 2560px) 100vw, 2560px\" \/>\t\t\t\t\t\t\t\t\t\t\t\t\t\t\t<\/div>\n\t\t\t\t<\/div>\n\t\t\t\t\t<\/div>\n\t\t\t\t<\/div>\n\t\t\t\t<\/div>\n\t\t<div class=\"elementor-element elementor-element-7b90c14b e-con-full e-flex wpr-particle-no wpr-jarallax-no wpr-parallax-no wpr-sticky-section-no e-con e-parent\" data-id=\"7b90c14b\" data-element_type=\"container\" data-settings=\"{&quot;background_background&quot;:&quot;classic&quot;}\">\n\t\t<div class=\"elementor-element elementor-element-18d85685 e-flex e-con-boxed wpr-particle-no wpr-jarallax-no wpr-parallax-no wpr-sticky-section-no elementor-invisible e-con e-child\" data-id=\"18d85685\" data-element_type=\"container\" data-settings=\"{&quot;animation&quot;:&quot;slideInLeft&quot;}\">\n\t\t\t\t\t<div class=\"e-con-inner\">\n\t\t\t\t<div class=\"elementor-element elementor-element-6885b81e elementor-widget elementor-widget-image\" data-id=\"6885b81e\" data-element_type=\"widget\" data-widget_type=\"image.default\">\n\t\t\t\t<div class=\"elementor-widget-container\">\n\t\t\t\t\t\t\t\t\t\t\t\t\t\t\t<img decoding=\"async\" width=\"1024\" height=\"683\" src=\"https:\/\/globalfertilitycounselling.ca\/wp-content\/uploads\/2025\/02\/checkup-uterus-reproductive-system-womens-health-pcos-ovary-cancer-treatment-examine-healthy-feminine-concept-1024x683.jpg\" class=\"attachment-large size-large wp-image-1810\" alt=\"\" srcset=\"https:\/\/globalfertilitycounselling.ca\/wp-content\/uploads\/2025\/02\/checkup-uterus-reproductive-system-womens-health-pcos-ovary-cancer-treatment-examine-healthy-feminine-concept-1024x683.jpg 1024w, https:\/\/globalfertilitycounselling.ca\/wp-content\/uploads\/2025\/02\/checkup-uterus-reproductive-system-womens-health-pcos-ovary-cancer-treatment-examine-healthy-feminine-concept-300x200.jpg 300w, https:\/\/globalfertilitycounselling.ca\/wp-content\/uploads\/2025\/02\/checkup-uterus-reproductive-system-womens-health-pcos-ovary-cancer-treatment-examine-healthy-feminine-concept-768x512.jpg 768w, https:\/\/globalfertilitycounselling.ca\/wp-content\/uploads\/2025\/02\/checkup-uterus-reproductive-system-womens-health-pcos-ovary-cancer-treatment-examine-healthy-feminine-concept-1536x1024.jpg 1536w, https:\/\/globalfertilitycounselling.ca\/wp-content\/uploads\/2025\/02\/checkup-uterus-reproductive-system-womens-health-pcos-ovary-cancer-treatment-examine-healthy-feminine-concept-2048x1365.jpg 2048w\" sizes=\"(max-width: 1024px) 100vw, 1024px\" \/>\t\t\t\t\t\t\t\t\t\t\t\t\t\t\t<\/div>\n\t\t\t\t<\/div>\n\t\t\t\t\t<\/div>\n\t\t\t\t<\/div>\n\t\t<div class=\"elementor-element elementor-element-3368d516 e-flex e-con-boxed wpr-particle-no wpr-jarallax-no wpr-parallax-no wpr-sticky-section-no elementor-invisible e-con e-child\" data-id=\"3368d516\" data-element_type=\"container\" data-settings=\"{&quot;animation&quot;:&quot;slideInRight&quot;}\">\n\t\t\t\t\t<div class=\"e-con-inner\">\n\t\t\t\t<div class=\"elementor-element elementor-element-609412f4 elementor-invisible elementor-widget elementor-widget-heading\" data-id=\"609412f4\" data-element_type=\"widget\" data-settings=\"{&quot;_animation&quot;:&quot;slideInRight&quot;,&quot;_animation_delay&quot;:100}\" data-widget_type=\"heading.default\">\n\t\t\t\t<div class=\"elementor-widget-container\">\n\t\t\t\t\t<h2 class=\"elementor-heading-title elementor-size-default\">Comprehensive fertility counseling<\/h2>\t\t\t\t<\/div>\n\t\t\t\t<\/div>\n\t\t\t\t<div class=\"elementor-element elementor-element-59b4b7b elementor-invisible elementor-widget elementor-widget-text-editor\" data-id=\"59b4b7b\" data-element_type=\"widget\" data-settings=\"{&quot;_animation&quot;:&quot;fadeIn&quot;,&quot;_animation_delay&quot;:100}\" data-widget_type=\"text-editor.default\">\n\t\t\t\t<div class=\"elementor-widget-container\">\n\t\t\t\t\t\t\t\t\t<p>Una vez que hayas elegido el camino a seguir, nos encargamos de coordinar cada paso, desde la compra de boletos de avi\u00f3n y la reserva de tu alojamiento hasta el servicio de transporte personalizado y m\u00e1s. Nuestro compromiso es garantizar que te enfoques \u00fanicamente en lo importante: la creaci\u00f3n de tu familia.<\/p>\n<p>En Global Fertility Counselling sabemos que el proceso de fertilidad puede ser desafiante, pero te proporcionamos un soporte integral, acompa\u00f1\u00e1ndolo hasta que tengas a tu beb\u00e9 en brazos. Tu viaje es nuestra prioridad y estamos contigo en cada etapa, brind\u00e1ndote asesoramiento experto y apoyo continuo.<\/p>\t\t\t\t\t\t\t\t<\/div>\n\t\t\t\t<\/div>\n\t\t\t\t\t<\/div>\n\t\t\t\t<\/div>\n\t\t\t\t<\/div>\n\t\t\t\t<\/div>","protected":false},"excerpt":{"rendered":"<p>Con m\u00e1s de 25 a\u00f1os de experiencia en el \u00e1mbito de la fertilidad, en Global Fertility Counselling nos comprometemos a<\/p>","protected":false},"author":1,"featured_media":0,"parent":0,"menu_order":0,"comment_status":"closed","ping_status":"closed","template":"","meta":{"site-sidebar-layout":"no-sidebar","site-content-layout":"","ast-site-content-layout":"full-width-container","site-content-style":"default","site-sidebar-style":"default","ast-global-header-display":"","ast-banner-title-visibility":"","ast-main-header-display":"","ast-hfb-above-header-display":"","ast-hfb-below-header-display":"","ast-hfb-mobile-header-display":"","site-post-title":"disabled","ast-breadcrumbs-content":"","ast-featured-img":"disabled","footer-sml-layout":"","theme-transparent-header-meta":"","adv-header-id-meta":"","stick-header-meta":"","header-above-stick-meta":"","header-main-stick-meta":"","header-below-stick-meta":"","astra-migrate-meta-layouts":"default","ast-page-background-enabled":"default","ast-page-background-meta":{"desktop":{"background-color":"var(--ast-global-color-4)","background-image":"","background-repeat":"repeat","background-position":"center center","background-size":"auto","background-attachment":"scroll","background-type":"","background-media":"","overlay-type":"","overlay-color":"","overlay-opacity":"","overlay-gradient":""},"tablet":{"background-color":"","background-image":"","background-repeat":"repeat","background-position":"center center","background-size":"auto","background-attachment":"scroll","background-type":"","background-media":"","overlay-type":"","overlay-color":"","overlay-opacity":"","overlay-gradient":""},"mobile":{"background-color":"","background-image":"","background-repeat":"repeat","background-position":"center center","background-size":"auto","background-attachment":"scroll","background-type":"","background-media":"","overlay-type":"","overlay-color":"","overlay-opacity":"","overlay-gradient":""}},"ast-content-background-meta":{"desktop":{"background-color":"var(--ast-global-color-5)","background-image":"","background-repeat":"repeat","background-position":"center center","background-size":"auto","background-attachment":"scroll","background-type":"","background-media":"","overlay-type":"","overlay-color":"","overlay-opacity":"","overlay-gradient":""},"tablet":{"background-color":"var(--ast-global-color-5)","background-image":"","background-repeat":"repeat","background-position":"center center","background-size":"auto","background-attachment":"scroll","background-type":"","background-media":"","overlay-type":"","overlay-color":"","overlay-opacity":"","overlay-gradient":""},"mobile":{"background-color":"var(--ast-global-color-5)","background-image":"","background-repeat":"repeat","background-position":"center center","background-size":"auto","background-attachment":"scroll","background-type":"","background-media":"","overlay-type":"","overlay-color":"","overlay-opacity":"","overlay-gradient":""}},"footnotes":""},"class_list":["post-1521","page","type-page","status-publish","hentry"],"_links":{"self":[{"href":"https:\/\/globalfertilitycounselling.ca\/en\/wp-json\/wp\/v2\/pages\/1521","targetHints":{"allow":["GET"]}}],"collection":[{"href":"https:\/\/globalfertilitycounselling.ca\/en\/wp-json\/wp\/v2\/pages"}],"about":[{"href":"https:\/\/globalfertilitycounselling.ca\/en\/wp-json\/wp\/v2\/types\/page"}],"author":[{"embeddable":true,"href":"https:\/\/globalfertilitycounselling.ca\/en\/wp-json\/wp\/v2\/users\/1"}],"replies":[{"embeddable":true,"href":"https:\/\/globalfertilitycounselling.ca\/en\/wp-json\/wp\/v2\/comments?post=1521"}],"version-history":[{"count":43,"href":"https:\/\/globalfertilitycounselling.ca\/en\/wp-json\/wp\/v2\/pages\/1521\/revisions"}],"predecessor-version":[{"id":2076,"href":"https:\/\/globalfertilitycounselling.ca\/en\/wp-json\/wp\/v2\/pages\/1521\/revisions\/2076"}],"wp:attachment":[{"href":"https:\/\/globalfertilitycounselling.ca\/en\/wp-json\/wp\/v2\/media?parent=1521"}],"curies":[{"name":"wp","href":"https:\/\/api.w.org\/{rel}","templated":true}]}}