{"id":1742,"date":"2025-02-17T17:35:42","date_gmt":"2025-02-17T17:35:42","guid":{"rendered":"https:\/\/globalfertilitycounselling.ca\/?page_id=1742"},"modified":"2025-02-17T17:42:49","modified_gmt":"2025-02-17T17:42:49","slug":"aviso-de-privacidad","status":"publish","type":"page","link":"https:\/\/globalfertilitycounselling.ca\/en\/aviso-de-privacidad\/","title":{"rendered":"PRIVACY POLICY"},"content":{"rendered":"<div data-elementor-type=\"wp-page\" data-elementor-id=\"1742\" class=\"elementor elementor-1742\" data-elementor-post-type=\"page\">\n\t\t\t\t<div class=\"elementor-element elementor-element-8692a8a e-con-full e-flex wpr-particle-no wpr-jarallax-no wpr-parallax-no wpr-sticky-section-no e-con e-parent\" data-id=\"8692a8a\" data-element_type=\"container\">\n\t\t\t\t<div class=\"elementor-element elementor-element-c7b29a1 elementor-widget elementor-widget-text-editor\" data-id=\"c7b29a1\" data-element_type=\"widget\" data-settings=\"{&quot;_animation&quot;:&quot;none&quot;,&quot;_animation_delay&quot;:200}\" data-widget_type=\"text-editor.default\">\n\t\t\t\t<div class=\"elementor-widget-container\">\n\t\t\t\t\t\t\t\t\t<p>In conformity with that stated in the Personal Data Protection Federal Law, regarding the data in possession of Instituto M\u00e9dico de la Mujer, S.C., Red Crea Medicina Reproductiva, S.A. de C. V., UR-Crea Medicina Reproductiva, SAPI de C.V. y Hospital M\u00e9dica Integra, S.A. de C. V. with the address Managua No. 730 Col. Lindavista, Ciudad de M\u00e9xico, have the responsibility of treating your personal data according to what is stated in this Privacy Policy.<\/p><p>The Personal Data held by Instituto M\u00e9dico de la Mujer, S.C., Red Crea Medicina Reproductiva, S.A. de C.V., UR-Crea Medicina Reproductiva, SAPI de C.V. y Hospital M\u00e9dica Integra, S. A. de C.V. could be used for:<span style=\"font-style: inherit; font-weight: inherit; color: var( --e-global-color-text ); letter-spacing: 0.2px; background-color: var(--ast-global-color-5);\">\u00a0<\/span><\/p><p>- Provision of medical and hospital services, including, but not limited to, hospitalization, surgery, diagnostic tests, nurse attention, pharmaceutical services, blood bank services, hemodialysis, oncologic treatments, lab tests, imaging and radiology, pathology tests and analysis, therapy, rehabilitation, diet and nutrition and other means related to healthcare.<span style=\"font-style: inherit; font-weight: inherit; color: var( --e-global-color-text ); letter-spacing: 0.2px; background-color: var(--ast-global-color-5);\">\u00a0<\/span><\/p><p>- Issuing, studying, analysis, update and safe keeping of the patients medical file.<span style=\"font-style: inherit; font-weight: inherit; color: var( --e-global-color-text ); letter-spacing: 0.2px; background-color: var(--ast-global-color-5);\">\u00a0<\/span><\/p><p>- Study, registry, statistics and analysis of healthcare information.<span style=\"font-style: inherit; font-weight: inherit; color: var( --e-global-color-text ); letter-spacing: 0.2px; background-color: var(--ast-global-color-5);\">\u00a0<\/span><\/p><p>- Maintenance of registry for service follow up, provide service in the future and in general to follow up and keep record of any contractual relations.<span style=\"font-style: inherit; font-weight: inherit; color: var( --e-global-color-text ); letter-spacing: 0.2px; background-color: var(--ast-global-color-5);\">\u00a0<\/span><\/p><p>- Statistics and market analysis.<\/p><p>Instituto M\u00e9dico de la mujer, S.C., Red Crea Medicina Medicina Reproductiva, S.A. de C.V., UR-Crea Medicina Reproductiva, SAPI de C.V. y Hospital M\u00e9dica Integra, S.A. de C.V. will collect and treat sensible data, related with the patient\u2019s medical condition, background and medical history, any relevant information about their lifestyle and other necessary or convenient data for the purposes stated before. All sensible personal data will be kept and teated with the utmost security and confidentiality and only used for anything related with health services provision and according to this privacy policy and legislation, guidelines and rules that apply.<\/p><p>For the health services provision Instituto M\u00e9dico de la Mujer, S.C., Red Crea Medicina Reproductiva, S.A. de C.V., UR-Crea Medicina Reproductiva, SAPI de C.V. y Hospital Medica Integra, S.A. de C.V. can transfer within and out the country, the personal data in their possession to third parties and outsourcers for the purposes related to those stated in this privacy policy before. Within those third parties to which data can be transferred to, are included but not limited to laboratories, clinics, hospitals, research centers, insurance companies, as well as any company belonging to the same corporate group, authorities or those that Instituto M\u00e9dico de la Mujer, S.C. considers necessary or convenient to share the personal data to.<\/p><p>To have access to the personal data and exercise the ARCO rights (Access, Rectification, Cancelation and Opposition) that Instituto M\u00e9dico de la Mujer, S.C., Red Crea Medicina Reproductiva, S.A. de C.V., UR-Crea Medicina Reproductiva, SAPI de C.V. y Hospital Medica Integra, S.A. de C.V. possess, as well as to rectify them in case that the data is inaccurate or incomplete, or to cancel or oppose to the data usage for certain purposes, must send a written application via e-mail or to the physical address indicated below, specifying the personal data to which any ARCO right wants to be exercised over, including the necessary data to attend to your application.<\/p><p>In addition in any moment revocation of the consent given to Instituto M\u00e9dico de la Mujer, S.C. to manage your personal data can be revoked or their usage can be limited by sending a written application to the following e-mail: informes@ur-crea.mx or to the physical address Managua No. 730 Col. Lindavista, Ciudad de Mexico in which is specified the data you wish revoke your consent to.<\/p><p>The present Privacy Policy could be modified in any moment in order to fulfill legislative updates, jurisprudence, internal policy, new requirements for the services provision by Instituto M\u00e9dico de la Mujer, S.C., Red Crea Medicina Reproductiva, S.A. de C.V., UR-Crea Medicina Reproductiva, SAPI de C.V. and Hospital Medica Integra, S.A. de C.V. or any other cause entirely under Instituto M\u00e9dico de la Mujer, S.C., Red Crea Medicine Reproductiva, S.A. de C.V., UR-Crea Medicina Reproductiva, SAPI de C.V. and Hospital Medica Integra, S.A. de C.V. discretion. In such case, all modifications will be available in our web page www.medicomujer.mx, www.redcrea.mx.<\/p>\t\t\t\t\t\t\t\t<\/div>\n\t\t\t\t<\/div>\n\t\t\t\t<div class=\"elementor-element elementor-element-383a602 elementor-invisible elementor-widget elementor-widget-text-editor\" data-id=\"383a602\" data-element_type=\"widget\" data-settings=\"{&quot;_animation&quot;:&quot;slideInLeft&quot;,&quot;_animation_delay&quot;:200}\" data-widget_type=\"text-editor.default\">\n\t\t\t\t<div class=\"elementor-widget-container\">\n\t\t\t\t\t\t\t\t\t<p>Instituto M\u00e9dico de la Mujer, S.C., <br \/>Red Crea Medicina Reproductiva, S.A. de C.V., <br \/>UR-Crea Medicina Reproductiva, SAPI de C.V. <br \/>Hospital M\u00e9dica Integra, S.A. de C.V. <br \/>RESPONSABLE DEL TRATAMIENTO DE DATOS PERSONALES<\/p>\t\t\t\t\t\t\t\t<\/div>\n\t\t\t\t<\/div>\n\t\t\t\t<\/div>\n\t\t\t\t<\/div>","protected":false},"excerpt":{"rendered":"<p>De conformidad con lo dispuesto en la Ley Federal de Protecci\u00f3n de Datos Personales en Posesi\u00f3n de Instituto M\u00e9dico de<\/p>","protected":false},"author":1,"featured_media":0,"parent":0,"menu_order":0,"comment_status":"closed","ping_status":"closed","template":"","meta":{"site-sidebar-layout":"no-sidebar","site-content-layout":"","ast-site-content-layout":"full-width-container","site-content-style":"default","site-sidebar-style":"default","ast-global-header-display":"","ast-banner-title-visibility":"","ast-main-header-display":"","ast-hfb-above-header-display":"","ast-hfb-below-header-display":"","ast-hfb-mobile-header-display":"","site-post-title":"disabled","ast-breadcrumbs-content":"","ast-featured-img":"disabled","footer-sml-layout":"","theme-transparent-header-meta":"","adv-header-id-meta":"","stick-header-meta":"","header-above-stick-meta":"","header-main-stick-meta":"","header-below-stick-meta":"","astra-migrate-meta-layouts":"default","ast-page-background-enabled":"default","ast-page-background-meta":{"desktop":{"background-color":"var(--ast-global-color-4)","background-image":"","background-repeat":"repeat","background-position":"center center","background-size":"auto","background-attachment":"scroll","background-type":"","background-media":"","overlay-type":"","overlay-color":"","overlay-opacity":"","overlay-gradient":""},"tablet":{"background-color":"","background-image":"","background-repeat":"repeat","background-position":"center center","background-size":"auto","background-attachment":"scroll","background-type":"","background-media":"","overlay-type":"","overlay-color":"","overlay-opacity":"","overlay-gradient":""},"mobile":{"background-color":"","background-image":"","background-repeat":"repeat","background-position":"center center","background-size":"auto","background-attachment":"scroll","background-type":"","background-media":"","overlay-type":"","overlay-color":"","overlay-opacity":"","overlay-gradient":""}},"ast-content-background-meta":{"desktop":{"background-color":"var(--ast-global-color-5)","background-image":"","background-repeat":"repeat","background-position":"center center","background-size":"auto","background-attachment":"scroll","background-type":"","background-media":"","overlay-type":"","overlay-color":"","overlay-opacity":"","overlay-gradient":""},"tablet":{"background-color":"var(--ast-global-color-5)","background-image":"","background-repeat":"repeat","background-position":"center center","background-size":"auto","background-attachment":"scroll","background-type":"","background-media":"","overlay-type":"","overlay-color":"","overlay-opacity":"","overlay-gradient":""},"mobile":{"background-color":"var(--ast-global-color-5)","background-image":"","background-repeat":"repeat","background-position":"center center","background-size":"auto","background-attachment":"scroll","background-type":"","background-media":"","overlay-type":"","overlay-color":"","overlay-opacity":"","overlay-gradient":""}},"footnotes":""},"class_list":["post-1742","page","type-page","status-publish","hentry"],"_links":{"self":[{"href":"https:\/\/globalfertilitycounselling.ca\/en\/wp-json\/wp\/v2\/pages\/1742","targetHints":{"allow":["GET"]}}],"collection":[{"href":"https:\/\/globalfertilitycounselling.ca\/en\/wp-json\/wp\/v2\/pages"}],"about":[{"href":"https:\/\/globalfertilitycounselling.ca\/en\/wp-json\/wp\/v2\/types\/page"}],"author":[{"embeddable":true,"href":"https:\/\/globalfertilitycounselling.ca\/en\/wp-json\/wp\/v2\/users\/1"}],"replies":[{"embeddable":true,"href":"https:\/\/globalfertilitycounselling.ca\/en\/wp-json\/wp\/v2\/comments?post=1742"}],"version-history":[{"count":4,"href":"https:\/\/globalfertilitycounselling.ca\/en\/wp-json\/wp\/v2\/pages\/1742\/revisions"}],"predecessor-version":[{"id":1748,"href":"https:\/\/globalfertilitycounselling.ca\/en\/wp-json\/wp\/v2\/pages\/1742\/revisions\/1748"}],"wp:attachment":[{"href":"https:\/\/globalfertilitycounselling.ca\/en\/wp-json\/wp\/v2\/media?parent=1742"}],"curies":[{"name":"wp","href":"https:\/\/api.w.org\/{rel}","templated":true}]}}